{"id":40,"date":"2022-03-22T20:06:26","date_gmt":"2022-03-22T20:06:26","guid":{"rendered":"http:\/\/labreuninger.com\/?page_id=40"},"modified":"2022-03-29T18:25:58","modified_gmt":"2022-03-29T18:25:58","slug":"impressum","status":"publish","type":"page","link":"https:\/\/labreuninger.com\/en\/impressum\/","title":{"rendered":"Impressum"},"content":{"rendered":"<div data-elementor-type=\"wp-page\" data-elementor-id=\"40\" class=\"elementor elementor-40\">\n\t\t\t\t\t\t<section class=\"elementor-section elementor-top-section elementor-element elementor-element-458aed5 elementor-section-boxed elementor-section-height-default elementor-section-height-default\" data-id=\"458aed5\" data-element_type=\"section\" data-e-type=\"section\">\n\t\t\t\t\t\t\t<div class=\"elementor-background-overlay\"><\/div>\n\t\t\t\t\t\t\t<div class=\"elementor-container elementor-column-gap-default\">\n\t\t\t\t\t<div class=\"elementor-column elementor-col-100 elementor-top-column elementor-element elementor-element-2d2c77d\" data-id=\"2d2c77d\" data-element_type=\"column\" data-e-type=\"column\">\n\t\t\t<div class=\"elementor-widget-wrap elementor-element-populated\">\n\t\t\t\t\t\t<div class=\"elementor-element elementor-element-28ed1f3 elementor-widget elementor-widget-spacer\" data-id=\"28ed1f3\" data-element_type=\"widget\" data-e-type=\"widget\" data-widget_type=\"spacer.default\">\n\t\t\t\t<div class=\"elementor-widget-container\">\n\t\t\t\t\t\t\t<div class=\"elementor-spacer\">\n\t\t\t<div class=\"elementor-spacer-inner\"><\/div>\n\t\t<\/div>\n\t\t\t\t\t\t<\/div>\n\t\t\t\t<\/div>\n\t\t\t\t<div class=\"elementor-element elementor-element-8b3ca49 elementor-widget elementor-widget-text-editor\" data-id=\"8b3ca49\" data-element_type=\"widget\" data-e-type=\"widget\" data-widget_type=\"text-editor.default\">\n\t\t\t\t<div class=\"elementor-widget-container\">\n\t\t\t\t\t\t\t\t\t<p class=\"p1\"><b>Angaben gem\u00e4\u00df \u00a7 5 TMG<\/b><\/p><p class=\"p2\">Laurent Albrecht Breuninger<\/p><p class=\"p2\">Riefstahlstr. 1<\/p><p class=\"p2\">76133 Karlsruhe<\/p><p class=\"p1\"><b>Contact<\/b><\/p><p class=\"p2\">Telefon: xxxxx<br \/>E-Mail: <a href=\"mailto:info@labreuniunger.com\"><span class=\"s1\">info@labreuniunger.com<\/span><\/a><\/p><p class=\"p1\"><b>Umsatzsteuer-ID<\/b><\/p><p class=\"p2\">Umsatzsteuer-Identifikationsnummer gem\u00e4\u00df \u00a727 a Umsatzsteuergesetz:<\/p><p class=\"p2\">Ust-ID-Nr.: xxxxx<\/p><p class=\"p1\"><b>Verantwortlich f\u00fcr den Inhalt nach \u00a7 55 Abs. 2 RStV<\/b><\/p><p class=\"p2\">Laurent Albrecht Breuninger<\/p><p class=\"p2\">Riefstahlstr. 1<\/p><p class=\"p2\">76133 Karlsruhe<\/p><p class=\"p1\"><b>Streitschlichtung<\/b><\/p><p class=\"p2\">Die Europ\u00e4ische Kommission stellt eine Plattform zur Online-Streitbeilegung (OS) bereit:\u00a0<a href=\"https:\/\/ec.europa.eu\/consumers\/odr\"><span class=\"s1\">https:\/\/ec.europa.eu\/consumers\/odr<\/span><\/a>.<br \/>Unsere E-Mail-Adresse finden Sie oben im Impressum.<\/p><p class=\"p2\">Wir sind nicht bereit oder verpflichtet, an Streitbeilegungsverfahren vor einer Verbraucherschlichtungsstelle teilzunehmen.<\/p><p class=\"p1\"><b>Haftung f\u00fcr Inhalte<\/b><\/p><p class=\"p2\">Als Diensteanbieter sind wir gem\u00e4\u00df \u00a7 7 Abs.1 TMG f\u00fcr eigene Inhalte auf diesen Seiten nach den allgemeinen Gesetzen verantwortlich. Nach \u00a7\u00a7 8 bis 10 TMG sind wir als Diensteanbieter jedoch nicht verpflichtet, \u00fcbermittelte oder gespeicherte fremde Informationen zu \u00fcberwachen oder nach Umst\u00e4nden zu forschen, die auf eine rechtswidrige T\u00e4tigkeit hinweisen.<\/p><p class=\"p2\">Verpflichtungen zur Entfernung oder Sperrung der Nutzung von Informationen nach den allgemeinen Gesetzen bleiben hiervon unber\u00fchrt. Eine diesbez\u00fcgliche Haftung ist jedoch erst ab dem Zeitpunkt der Kenntnis einer konkreten Rechtsverletzung m\u00f6glich. Bei Bekanntwerden von entsprechenden Rechtsverletzungen werden wir diese Inhalte umgehend entfernen.<\/p><p class=\"p1\"><b>Haftung f\u00fcr Links<\/b><\/p><p class=\"p2\">Unser Angebot enth\u00e4lt Links zu externen Websites Dritter, auf deren Inhalte wir keinen Einfluss haben. Deshalb k\u00f6nnen wir f\u00fcr diese fremden Inhalte auch keine Gew\u00e4hr \u00fcbernehmen. F\u00fcr die Inhalte der verlinkten Seiten ist stets der jeweilige Anbieter oder Betreiber der Seiten verantwortlich. Die verlinkten Seiten wurden zum Zeitpunkt der Verlinkung auf m\u00f6gliche Rechtsverst\u00f6\u00dfe \u00fcberpr\u00fcft. Rechtswidrige Inhalte waren zum Zeitpunkt der Verlinkung nicht erkennbar.<\/p><p class=\"p2\">Eine permanente inhaltliche Kontrolle der verlinkten Seiten ist jedoch ohne konkrete Anhaltspunkte einer Rechtsverletzung nicht zumutbar. Bei Bekanntwerden von Rechtsverletzungen werden wir derartige Links umgehend entfernen.<\/p><p class=\"p1\"><b>Urheberrecht<\/b><\/p><p class=\"p2\">Die durch die Seitenbetreiber erstellten Inhalte und Werke auf diesen Seiten unterliegen dem deutschen Urheberrecht. Die Vervielf\u00e4ltigung, Bearbeitung, Verbreitung und jede Art der Verwertung au\u00dferhalb der Grenzen des Urheberrechtes bed\u00fcrfen der schriftlichen Zustimmung des jeweiligen Autors bzw. Erstellers. Downloads und Kopien dieser Seite sind nur f\u00fcr den privaten, nicht kommerziellen Gebrauch gestattet.<\/p><p class=\"p2\">Soweit die Inhalte auf dieser Seite nicht vom Betreiber erstellt wurden, werden die Urheberrechte Dritter beachtet. Insbesondere werden Inhalte Dritter als solche gekennzeichnet. Sollten Sie trotzdem auf eine Urheberrechtsverletzung aufmerksam werden, bitten wir um einen entsprechenden Hinweis. Bei Bekanntwerden von Rechtsverletzungen werden wir derartige Inhalte umgehend entfernen.<\/p>\t\t\t\t\t\t\t\t<\/div>\n\t\t\t\t<\/div>\n\t\t\t\t\t<\/div>\n\t\t<\/div>\n\t\t\t\t\t<\/div>\n\t\t<\/section>\n\t\t\t\t<\/div>","protected":false},"excerpt":{"rendered":"<p>Angaben gem\u00e4\u00df \u00a7 5 TMG Laurent Albrecht Breuninger Riefstahlstr. 1 76133 Karlsruhe Kontakt Telefon: xxxxx E-Mail: info@labreuniunger.com Umsatzsteuer-ID Umsatzsteuer-Identifikationsnummer gem\u00e4\u00df \u00a727 a Umsatzsteuergesetz: Ust-ID-Nr.: xxxxx Verantwortlich f\u00fcr den Inhalt nach [&hellip;]<\/p>\n","protected":false},"author":1,"featured_media":0,"parent":0,"menu_order":0,"comment_status":"closed","ping_status":"closed","template":"","meta":{"ocean_post_layout":"full-screen","ocean_both_sidebars_style":"","ocean_both_sidebars_content_width":0,"ocean_both_sidebars_sidebars_width":0,"ocean_sidebar":"0","ocean_second_sidebar":"0","ocean_disable_margins":"enable","ocean_add_body_class":"","ocean_shortcode_before_top_bar":"","ocean_shortcode_after_top_bar":"","ocean_shortcode_before_header":"","ocean_shortcode_after_header":"","ocean_has_shortcode":"","ocean_shortcode_after_title":"","ocean_shortcode_before_footer_widgets":"","ocean_shortcode_after_footer_widgets":"","ocean_shortcode_before_footer_bottom":"","ocean_shortcode_after_footer_bottom":"","ocean_display_top_bar":"off","ocean_display_header":"default","ocean_header_style":"","ocean_center_header_left_menu":"0","ocean_custom_header_template":"0","ocean_custom_logo":0,"ocean_custom_retina_logo":0,"ocean_custom_logo_max_width":0,"ocean_custom_logo_tablet_max_width":0,"ocean_custom_logo_mobile_max_width":0,"ocean_custom_logo_max_height":0,"ocean_custom_logo_tablet_max_height":0,"ocean_custom_logo_mobile_max_height":0,"ocean_header_custom_menu":"0","ocean_menu_typo_font_family":"0","ocean_menu_typo_font_subset":"","ocean_menu_typo_font_size":0,"ocean_menu_typo_font_size_tablet":0,"ocean_menu_typo_font_size_mobile":0,"ocean_menu_typo_font_size_unit":"px","ocean_menu_typo_font_weight":"","ocean_menu_typo_font_weight_tablet":"","ocean_menu_typo_font_weight_mobile":"","ocean_menu_typo_transform":"","ocean_menu_typo_transform_tablet":"","ocean_menu_typo_transform_mobile":"","ocean_menu_typo_line_height":0,"ocean_menu_typo_line_height_tablet":0,"ocean_menu_typo_line_height_mobile":0,"ocean_menu_typo_line_height_unit":"","ocean_menu_typo_spacing":0,"ocean_menu_typo_spacing_tablet":0,"ocean_menu_typo_spacing_mobile":0,"ocean_menu_typo_spacing_unit":"","ocean_menu_link_color":"","ocean_menu_link_color_hover":"","ocean_menu_link_color_active":"","ocean_menu_link_background":"","ocean_menu_link_hover_background":"","ocean_menu_link_active_background":"","ocean_menu_social_links_bg":"","ocean_menu_social_hover_links_bg":"","ocean_menu_social_links_color":"","ocean_menu_social_hover_links_color":"","ocean_disable_title":"on","ocean_disable_heading":"default","ocean_post_title":"","ocean_post_subheading":"","ocean_post_title_style":"","ocean_post_title_background_color":"","ocean_post_title_background":0,"ocean_post_title_bg_image_position":"","ocean_post_title_bg_image_attachment":"","ocean_post_title_bg_image_repeat":"","ocean_post_title_bg_image_size":"","ocean_post_title_height":0,"ocean_post_title_bg_overlay":0.5,"ocean_post_title_bg_overlay_color":"","ocean_disable_breadcrumbs":"default","ocean_breadcrumbs_color":"","ocean_breadcrumbs_separator_color":"","ocean_breadcrumbs_links_color":"","ocean_breadcrumbs_links_hover_color":"","ocean_display_footer_widgets":"default","ocean_display_footer_bottom":"default","ocean_custom_footer_template":"0","footnotes":""},"class_list":["post-40","page","type-page","status-publish","hentry","entry"],"yoast_head":"<!-- This site is optimized with the Yoast SEO plugin v27.3 - https:\/\/yoast.com\/product\/yoast-seo-wordpress\/ -->\n<title>Impressum - Laurent Albrecht Breuninger<\/title>\n<meta name=\"robots\" content=\"index, follow, max-snippet:-1, max-image-preview:large, max-video-preview:-1\" \/>\n<link rel=\"canonical\" href=\"https:\/\/labreuninger.com\/en\/impressum\/\" \/>\n<meta property=\"og:locale\" content=\"en_GB\" \/>\n<meta property=\"og:type\" content=\"article\" \/>\n<meta property=\"og:title\" content=\"Impressum - Laurent Albrecht Breuninger\" \/>\n<meta property=\"og:description\" content=\"Angaben gem\u00e4\u00df \u00a7 5 TMG Laurent Albrecht Breuninger Riefstahlstr. 1 76133 Karlsruhe Kontakt Telefon: xxxxx E-Mail: info@labreuniunger.com Umsatzsteuer-ID Umsatzsteuer-Identifikationsnummer gem\u00e4\u00df \u00a727 a Umsatzsteuergesetz: Ust-ID-Nr.: xxxxx Verantwortlich f\u00fcr den Inhalt nach [&hellip;]\" \/>\n<meta property=\"og:url\" content=\"https:\/\/labreuninger.com\/en\/impressum\/\" \/>\n<meta property=\"og:site_name\" content=\"Laurent Albrecht Breuninger\" \/>\n<meta property=\"article:modified_time\" content=\"2022-03-29T18:25:58+00:00\" \/>\n<meta name=\"twitter:card\" content=\"summary_large_image\" \/>\n<meta name=\"twitter:label1\" content=\"Estimated reading time\" \/>\n\t<meta name=\"twitter:data1\" content=\"2 minutes\" \/>\n<script type=\"application\/ld+json\" class=\"yoast-schema-graph\">{\"@context\":\"https:\\\/\\\/schema.org\",\"@graph\":[{\"@type\":\"WebPage\",\"@id\":\"https:\\\/\\\/labreuninger.com\\\/impressum\\\/\",\"url\":\"https:\\\/\\\/labreuninger.com\\\/impressum\\\/\",\"name\":\"Impressum - Laurent Albrecht Breuninger\",\"isPartOf\":{\"@id\":\"https:\\\/\\\/labreuninger.com\\\/#website\"},\"datePublished\":\"2022-03-22T20:06:26+00:00\",\"dateModified\":\"2022-03-29T18:25:58+00:00\",\"breadcrumb\":{\"@id\":\"https:\\\/\\\/labreuninger.com\\\/impressum\\\/#breadcrumb\"},\"inLanguage\":\"en-GB\",\"potentialAction\":[{\"@type\":\"ReadAction\",\"target\":[\"https:\\\/\\\/labreuninger.com\\\/impressum\\\/\"]}]},{\"@type\":\"BreadcrumbList\",\"@id\":\"https:\\\/\\\/labreuninger.com\\\/impressum\\\/#breadcrumb\",\"itemListElement\":[{\"@type\":\"ListItem\",\"position\":1,\"name\":\"Startseite\",\"item\":\"https:\\\/\\\/labreuninger.com\\\/\"},{\"@type\":\"ListItem\",\"position\":2,\"name\":\"Impressum\"}]},{\"@type\":\"WebSite\",\"@id\":\"https:\\\/\\\/labreuninger.com\\\/#website\",\"url\":\"https:\\\/\\\/labreuninger.com\\\/\",\"name\":\"Laurent Albrecht Breuninger\",\"description\":\"Violinist | Komponist\",\"publisher\":{\"@id\":\"https:\\\/\\\/labreuninger.com\\\/#\\\/schema\\\/person\\\/274864f4832962f63fe9457266040e66\"},\"potentialAction\":[{\"@type\":\"SearchAction\",\"target\":{\"@type\":\"EntryPoint\",\"urlTemplate\":\"https:\\\/\\\/labreuninger.com\\\/?s={search_term_string}\"},\"query-input\":{\"@type\":\"PropertyValueSpecification\",\"valueRequired\":true,\"valueName\":\"search_term_string\"}}],\"inLanguage\":\"en-GB\"},{\"@type\":[\"Person\",\"Organization\"],\"@id\":\"https:\\\/\\\/labreuninger.com\\\/#\\\/schema\\\/person\\\/274864f4832962f63fe9457266040e66\",\"name\":\"admin\",\"image\":{\"@type\":\"ImageObject\",\"inLanguage\":\"en-GB\",\"@id\":\"http:\\\/\\\/labreuninger.com\\\/wp-content\\\/uploads\\\/2022\\\/03\\\/Logo-Breuninger.png\",\"url\":\"http:\\\/\\\/labreuninger.com\\\/wp-content\\\/uploads\\\/2022\\\/03\\\/Logo-Breuninger.png\",\"contentUrl\":\"http:\\\/\\\/labreuninger.com\\\/wp-content\\\/uploads\\\/2022\\\/03\\\/Logo-Breuninger.png\",\"width\":2240,\"height\":1260,\"caption\":\"admin\"},\"logo\":{\"@id\":\"http:\\\/\\\/labreuninger.com\\\/wp-content\\\/uploads\\\/2022\\\/03\\\/Logo-Breuninger.png\"},\"sameAs\":[\"http:\\\/\\\/labreuninger.com\",\"https:\\\/\\\/www.youtube.com\\\/channel\\\/UCAYRfEkA-QjkPMW2hmj-aLw\"]}]}<\/script>\n<!-- \/ Yoast SEO plugin. -->","yoast_head_json":{"title":"Impressum - Laurent Albrecht Breuninger","robots":{"index":"index","follow":"follow","max-snippet":"max-snippet:-1","max-image-preview":"max-image-preview:large","max-video-preview":"max-video-preview:-1"},"canonical":"https:\/\/labreuninger.com\/en\/impressum\/","og_locale":"en_GB","og_type":"article","og_title":"Impressum - Laurent Albrecht Breuninger","og_description":"Angaben gem\u00e4\u00df \u00a7 5 TMG Laurent Albrecht Breuninger Riefstahlstr. 1 76133 Karlsruhe Kontakt Telefon: xxxxx E-Mail: info@labreuniunger.com Umsatzsteuer-ID Umsatzsteuer-Identifikationsnummer gem\u00e4\u00df \u00a727 a Umsatzsteuergesetz: Ust-ID-Nr.: xxxxx Verantwortlich f\u00fcr den Inhalt nach [&hellip;]","og_url":"https:\/\/labreuninger.com\/en\/impressum\/","og_site_name":"Laurent Albrecht Breuninger","article_modified_time":"2022-03-29T18:25:58+00:00","twitter_card":"summary_large_image","twitter_misc":{"Estimated reading time":"2 minutes"},"schema":{"@context":"https:\/\/schema.org","@graph":[{"@type":"WebPage","@id":"https:\/\/labreuninger.com\/impressum\/","url":"https:\/\/labreuninger.com\/impressum\/","name":"Impressum - Laurent Albrecht Breuninger","isPartOf":{"@id":"https:\/\/labreuninger.com\/#website"},"datePublished":"2022-03-22T20:06:26+00:00","dateModified":"2022-03-29T18:25:58+00:00","breadcrumb":{"@id":"https:\/\/labreuninger.com\/impressum\/#breadcrumb"},"inLanguage":"en-GB","potentialAction":[{"@type":"ReadAction","target":["https:\/\/labreuninger.com\/impressum\/"]}]},{"@type":"BreadcrumbList","@id":"https:\/\/labreuninger.com\/impressum\/#breadcrumb","itemListElement":[{"@type":"ListItem","position":1,"name":"Startseite","item":"https:\/\/labreuninger.com\/"},{"@type":"ListItem","position":2,"name":"Impressum"}]},{"@type":"WebSite","@id":"https:\/\/labreuninger.com\/#website","url":"https:\/\/labreuninger.com\/","name":"Laurent Albrecht Breuninger","description":"Violinist | Composer","publisher":{"@id":"https:\/\/labreuninger.com\/#\/schema\/person\/274864f4832962f63fe9457266040e66"},"potentialAction":[{"@type":"SearchAction","target":{"@type":"EntryPoint","urlTemplate":"https:\/\/labreuninger.com\/?s={search_term_string}"},"query-input":{"@type":"PropertyValueSpecification","valueRequired":true,"valueName":"search_term_string"}}],"inLanguage":"en-GB"},{"@type":["Person","Organization"],"@id":"https:\/\/labreuninger.com\/#\/schema\/person\/274864f4832962f63fe9457266040e66","name":"admin","image":{"@type":"ImageObject","inLanguage":"en-GB","@id":"http:\/\/labreuninger.com\/wp-content\/uploads\/2022\/03\/Logo-Breuninger.png","url":"http:\/\/labreuninger.com\/wp-content\/uploads\/2022\/03\/Logo-Breuninger.png","contentUrl":"http:\/\/labreuninger.com\/wp-content\/uploads\/2022\/03\/Logo-Breuninger.png","width":2240,"height":1260,"caption":"admin"},"logo":{"@id":"http:\/\/labreuninger.com\/wp-content\/uploads\/2022\/03\/Logo-Breuninger.png"},"sameAs":["http:\/\/labreuninger.com","https:\/\/www.youtube.com\/channel\/UCAYRfEkA-QjkPMW2hmj-aLw"]}]}},"_links":{"self":[{"href":"https:\/\/labreuninger.com\/en\/wp-json\/wp\/v2\/pages\/40","targetHints":{"allow":["GET"]}}],"collection":[{"href":"https:\/\/labreuninger.com\/en\/wp-json\/wp\/v2\/pages"}],"about":[{"href":"https:\/\/labreuninger.com\/en\/wp-json\/wp\/v2\/types\/page"}],"author":[{"embeddable":true,"href":"https:\/\/labreuninger.com\/en\/wp-json\/wp\/v2\/users\/1"}],"replies":[{"embeddable":true,"href":"https:\/\/labreuninger.com\/en\/wp-json\/wp\/v2\/comments?post=40"}],"version-history":[{"count":8,"href":"https:\/\/labreuninger.com\/en\/wp-json\/wp\/v2\/pages\/40\/revisions"}],"predecessor-version":[{"id":796,"href":"https:\/\/labreuninger.com\/en\/wp-json\/wp\/v2\/pages\/40\/revisions\/796"}],"wp:attachment":[{"href":"https:\/\/labreuninger.com\/en\/wp-json\/wp\/v2\/media?parent=40"}],"curies":[{"name":"wp","href":"https:\/\/api.w.org\/{rel}","templated":true}]}}