{"id":36,"date":"2022-03-22T20:05:43","date_gmt":"2022-03-22T20:05:43","guid":{"rendered":"http:\/\/labreuninger.com\/?page_id=36"},"modified":"2022-11-07T13:01:50","modified_gmt":"2022-11-07T13:01:50","slug":"komponist","status":"publish","type":"page","link":"https:\/\/labreuninger.com\/en\/komponist\/","title":{"rendered":"Composer"},"content":{"rendered":"<div data-elementor-type=\"wp-page\" data-elementor-id=\"36\" class=\"elementor elementor-36\">\n\t\t\t\t\t\t<section class=\"elementor-section elementor-top-section elementor-element elementor-element-6ef4dbb8 elementor-section-full_width elementor-section-height-min-height elementor-section-height-default elementor-section-items-middle\" data-id=\"6ef4dbb8\" data-element_type=\"section\" data-e-type=\"section\" data-settings=\"{&quot;background_background&quot;:&quot;classic&quot;}\">\n\t\t\t\t\t\t\t<div class=\"elementor-background-overlay\"><\/div>\n\t\t\t\t\t\t\t<div class=\"elementor-container elementor-column-gap-no\">\n\t\t\t\t\t<div class=\"elementor-column elementor-col-100 elementor-top-column elementor-element elementor-element-d80242a\" data-id=\"d80242a\" data-element_type=\"column\" data-e-type=\"column\">\n\t\t\t<div class=\"elementor-widget-wrap elementor-element-populated\">\n\t\t\t\t\t\t<div class=\"elementor-element elementor-element-1e6c98f3 elementor-widget elementor-widget-heading\" data-id=\"1e6c98f3\" data-element_type=\"widget\" data-e-type=\"widget\" data-widget_type=\"heading.default\">\n\t\t\t\t<div class=\"elementor-widget-container\">\n\t\t\t\t\t<h1 class=\"elementor-heading-title elementor-size-default\">Composer<\/h1>\t\t\t\t<\/div>\n\t\t\t\t<\/div>\n\t\t\t\t\t<\/div>\n\t\t<\/div>\n\t\t\t\t\t<\/div>\n\t\t<\/section>\n\t\t\t\t<section class=\"elementor-section elementor-top-section elementor-element elementor-element-69c014ab elementor-section-boxed elementor-section-height-default elementor-section-height-default\" data-id=\"69c014ab\" data-element_type=\"section\" data-e-type=\"section\" data-settings=\"{&quot;background_background&quot;:&quot;classic&quot;}\">\n\t\t\t\t\t\t\t<div class=\"elementor-background-overlay\"><\/div>\n\t\t\t\t\t\t\t<div class=\"elementor-container elementor-column-gap-default\">\n\t\t\t\t\t<div class=\"elementor-column elementor-col-100 elementor-top-column elementor-element elementor-element-e45c070\" data-id=\"e45c070\" data-element_type=\"column\" data-e-type=\"column\">\n\t\t\t<div class=\"elementor-widget-wrap elementor-element-populated\">\n\t\t\t\t\t\t<div class=\"elementor-element elementor-element-3c35cce elementor-widget elementor-widget-spacer\" data-id=\"3c35cce\" data-element_type=\"widget\" data-e-type=\"widget\" data-widget_type=\"spacer.default\">\n\t\t\t\t<div class=\"elementor-widget-container\">\n\t\t\t\t\t\t\t<div class=\"elementor-spacer\">\n\t\t\t<div class=\"elementor-spacer-inner\"><\/div>\n\t\t<\/div>\n\t\t\t\t\t\t<\/div>\n\t\t\t\t<\/div>\n\t\t\t\t<div class=\"elementor-element elementor-element-364e361 elementor-widget elementor-widget-text-editor\" data-id=\"364e361\" data-element_type=\"widget\" data-e-type=\"widget\" data-widget_type=\"text-editor.default\">\n\t\t\t\t<div class=\"elementor-widget-container\">\n\t\t\t\t\t\t\t\t\t<p>Eindr\u00fccke, Gedanken und innere Bilder in Musik, in eigene T\u00f6ne zu verwandeln war<br \/>mir schon als Kind &#8211; reflexartig &#8211; innerer Drang.<br \/>Dennoch, das Handwerk des \u201eTonsetzers\u201c habe ich in unterschiedlichen Phasen<br \/>meines Lebens eher punktuell, sozusagen im Streifzug mitgenommen. Ein Gef\u00fchl<br \/>der Unruhe &#8211; und doch wiederum beruhigend: noch lange nicht ausgelernt zu haben.<\/p><p>Die zur Zeit im Entstehen begriffenen Werke, das Oktett mit dem Arbeitstitel \u201eOktett-<br \/>\u00e0-t\u00eate\u201c sowie das Konzert f\u00fcr Violine und Streichorchester haben eine jahre-, fast<\/p><p>jahrzehntelange innere Reifungsgeschichte hinter sich, oder, weniger pr\u00e4tenti\u00f6s<br \/>ausgedr\u00fcckt, gehen mir schon lange im Kopf herum.<br \/>Beiden gemeinsam ist, abgesehen von der Suche nach Expressivit\u00e4t und<br \/>Dramatik\/Dramaturgie, das Unverm\u00f6gen, mich als \u201ekreierendes Subjekt\u201c aus<br \/>den Schwingungen der Zeit zu l\u00f6sen und diese gleichzeitig als ein \u201eschon<br \/>immer\u201c zu erleben.<br \/>Der Mensch unter Menschen &#8211; schon immer.<br \/>Der Mensch unter anderen Wesen &#8211; auch schon immer, und jetzt mehr denn<br \/>je.<br \/>So liegt dem \u201eOktett\u201c das von H\u00f6lderlin genial unkorrekt \u00fcbersetzte Chorlied<br \/>aus Sophokles\u2019 \u201eAntigone\u201c zugrunde, das sich heute liest wie ein Begleittext<br \/>zu Paul McCartney\u2019s \u201eGlass Walls\u201c:<br \/>\u201eUngeheuer ist viel, doch nichts ungeheurer als der Mensch\u201c.<br \/>Die Hoffnung liegt aber &#8211; wieder einmal &#8211; bei uns K\u00fcnstlern:<br \/>\u201eVon Weisem etwas und vom Geschickten der Kunst mehr als er hoffen kann<br \/>besitzend\u201c<\/p>\t\t\t\t\t\t\t\t<\/div>\n\t\t\t\t<\/div>\n\t\t\t\t\t<\/div>\n\t\t<\/div>\n\t\t\t\t\t<\/div>\n\t\t<\/section>\n\t\t\t\t<section class=\"elementor-section elementor-top-section elementor-element elementor-element-b043de6 elementor-section-boxed elementor-section-height-default elementor-section-height-default\" data-id=\"b043de6\" data-element_type=\"section\" data-e-type=\"section\" data-settings=\"{&quot;background_background&quot;:&quot;classic&quot;}\">\n\t\t\t\t\t\t\t<div class=\"elementor-background-overlay\"><\/div>\n\t\t\t\t\t\t\t<div class=\"elementor-container elementor-column-gap-default\">\n\t\t\t\t\t<div class=\"elementor-column elementor-col-100 elementor-top-column elementor-element elementor-element-69a30a8\" data-id=\"69a30a8\" data-element_type=\"column\" data-e-type=\"column\">\n\t\t\t<div class=\"elementor-widget-wrap elementor-element-populated\">\n\t\t\t\t\t\t<div class=\"elementor-element elementor-element-831988b elementor-widget elementor-widget-heading\" data-id=\"831988b\" data-element_type=\"widget\" data-e-type=\"widget\" data-widget_type=\"heading.default\">\n\t\t\t\t<div class=\"elementor-widget-container\">\n\t\t\t\t\t<h2 class=\"elementor-heading-title elementor-size-default\">Werkverzeichnis<\/h2>\t\t\t\t<\/div>\n\t\t\t\t<\/div>\n\t\t\t\t<div class=\"elementor-element elementor-element-e4f3161 elementor-widget elementor-widget-text-editor\" data-id=\"e4f3161\" data-element_type=\"widget\" data-e-type=\"widget\" data-widget_type=\"text-editor.default\">\n\t\t\t\t<div class=\"elementor-widget-container\">\n\t\t\t\t\t\t\t\t\t<ul><li><span style=\"font-weight: 400;\">Passacaglia f\u00fcr Violine solo (1989\/1992)\u00a0<\/span><\/li><li><span style=\"font-weight: 400;\">Streichtrio (2 Miniaturen und Elegie) (1990)<\/span><\/li><li><span style=\"font-weight: 400;\">Duo f\u00fcr Violine und Violoncello (1992)<\/span><\/li><li><span style=\"font-weight: 400;\">\u201e&#8230;on dirait des anges&#8230;\u201c, Skizze f\u00fcr Violine und Klavier (1997)<\/span><\/li><li><span style=\"font-weight: 400;\">\u201eVisions et Variations\u201c f\u00fcr Violoncello solo (UA Claudio Bohorquez, Siegen 1999)<\/span><\/li><li><span style=\"font-weight: 400;\">\u201eBaudelaire\u201c f\u00fcr Klavier (1998)<\/span><\/li><li><span style=\"font-weight: 400;\">Erstes Streichquartett (\u201eChoralvariationen\u201c) <\/span>\u00a0 \u00a0 \u00a0 (Kompositionspreis des \u201eBrandenburger Sommers\u201c und UA 1997)<\/li><li><span style=\"font-weight: 400;\">Oktett-\u00e0-t\u00eate (f\u00fcr 2 Violinen, Viola, Violoncello, Bass, Klarinette, Fagott, Horn)\u00a0 <\/span><span style=\"font-weight: 400;\">(UA Staatsphilharmonie RP, 2022)<\/span><\/li><li><span style=\"font-weight: 400;\">Konzert f\u00fcr Violine und Streicher (in Arbeit)<\/span><\/li><\/ul><p>\u00a0<\/p>\t\t\t\t\t\t\t\t<\/div>\n\t\t\t\t<\/div>\n\t\t\t\t\t<\/div>\n\t\t<\/div>\n\t\t\t\t\t<\/div>\n\t\t<\/section>\n\t\t\t\t<\/div>","protected":false},"excerpt":{"rendered":"<p>Komponist Eindr\u00fccke, Gedanken und innere Bilder in Musik, in eigene T\u00f6ne zu verwandeln warmir schon als Kind &#8211; reflexartig &#8211; innerer Drang.Dennoch, das Handwerk des \u201eTonsetzers\u201c habe ich in unterschiedlichen [&hellip;]<\/p>\n","protected":false},"author":1,"featured_media":0,"parent":0,"menu_order":0,"comment_status":"closed","ping_status":"closed","template":"","meta":{"ocean_post_layout":"full-screen","ocean_both_sidebars_style":"","ocean_both_sidebars_content_width":0,"ocean_both_sidebars_sidebars_width":0,"ocean_sidebar":"0","ocean_second_sidebar":"0","ocean_disable_margins":"enable","ocean_add_body_class":"","ocean_shortcode_before_top_bar":"","ocean_shortcode_after_top_bar":"","ocean_shortcode_before_header":"","ocean_shortcode_after_header":"","ocean_has_shortcode":"","ocean_shortcode_after_title":"","ocean_shortcode_before_footer_widgets":"","ocean_shortcode_after_footer_widgets":"","ocean_shortcode_before_footer_bottom":"","ocean_shortcode_after_footer_bottom":"","ocean_display_top_bar":"off","ocean_display_header":"default","ocean_header_style":"","ocean_center_header_left_menu":"0","ocean_custom_header_template":"0","ocean_custom_logo":0,"ocean_custom_retina_logo":0,"ocean_custom_logo_max_width":0,"ocean_custom_logo_tablet_max_width":0,"ocean_custom_logo_mobile_max_width":0,"ocean_custom_logo_max_height":0,"ocean_custom_logo_tablet_max_height":0,"ocean_custom_logo_mobile_max_height":0,"ocean_header_custom_menu":"0","ocean_menu_typo_font_family":"0","ocean_menu_typo_font_subset":"","ocean_menu_typo_font_size":0,"ocean_menu_typo_font_size_tablet":0,"ocean_menu_typo_font_size_mobile":0,"ocean_menu_typo_font_size_unit":"px","ocean_menu_typo_font_weight":"","ocean_menu_typo_font_weight_tablet":"","ocean_menu_typo_font_weight_mobile":"","ocean_menu_typo_transform":"","ocean_menu_typo_transform_tablet":"","ocean_menu_typo_transform_mobile":"","ocean_menu_typo_line_height":0,"ocean_menu_typo_line_height_tablet":0,"ocean_menu_typo_line_height_mobile":0,"ocean_menu_typo_line_height_unit":"","ocean_menu_typo_spacing":0,"ocean_menu_typo_spacing_tablet":0,"ocean_menu_typo_spacing_mobile":0,"ocean_menu_typo_spacing_unit":"","ocean_menu_link_color":"","ocean_menu_link_color_hover":"","ocean_menu_link_color_active":"","ocean_menu_link_background":"","ocean_menu_link_hover_background":"","ocean_menu_link_active_background":"","ocean_menu_social_links_bg":"","ocean_menu_social_hover_links_bg":"","ocean_menu_social_links_color":"","ocean_menu_social_hover_links_color":"","ocean_disable_title":"on","ocean_disable_heading":"default","ocean_post_title":"","ocean_post_subheading":"","ocean_post_title_style":"","ocean_post_title_background_color":"","ocean_post_title_background":0,"ocean_post_title_bg_image_position":"","ocean_post_title_bg_image_attachment":"","ocean_post_title_bg_image_repeat":"","ocean_post_title_bg_image_size":"","ocean_post_title_height":0,"ocean_post_title_bg_overlay":0.5,"ocean_post_title_bg_overlay_color":"","ocean_disable_breadcrumbs":"default","ocean_breadcrumbs_color":"","ocean_breadcrumbs_separator_color":"","ocean_breadcrumbs_links_color":"","ocean_breadcrumbs_links_hover_color":"","ocean_display_footer_widgets":"default","ocean_display_footer_bottom":"default","ocean_custom_footer_template":"0","footnotes":""},"class_list":["post-36","page","type-page","status-publish","hentry","entry"],"yoast_head":"<!-- This site is optimized with the Yoast SEO plugin v27.3 - https:\/\/yoast.com\/product\/yoast-seo-wordpress\/ -->\n<title>Komponist - Laurent Albrecht Breuninger<\/title>\n<meta name=\"robots\" content=\"index, follow, max-snippet:-1, max-image-preview:large, max-video-preview:-1\" \/>\n<link rel=\"canonical\" href=\"https:\/\/labreuninger.com\/en\/komponist\/\" \/>\n<meta property=\"og:locale\" content=\"en_GB\" \/>\n<meta property=\"og:type\" content=\"article\" \/>\n<meta property=\"og:title\" content=\"Komponist - Laurent Albrecht Breuninger\" \/>\n<meta property=\"og:description\" content=\"Komponist Eindr\u00fccke, Gedanken und innere Bilder in Musik, in eigene T\u00f6ne zu verwandeln warmir schon als Kind &#8211; reflexartig &#8211; innerer Drang.Dennoch, das Handwerk des \u201eTonsetzers\u201c habe ich in unterschiedlichen [&hellip;]\" \/>\n<meta property=\"og:url\" content=\"https:\/\/labreuninger.com\/en\/komponist\/\" \/>\n<meta property=\"og:site_name\" content=\"Laurent Albrecht Breuninger\" \/>\n<meta property=\"article:modified_time\" content=\"2022-11-07T13:01:50+00:00\" \/>\n<meta name=\"twitter:card\" content=\"summary_large_image\" \/>\n<meta name=\"twitter:label1\" content=\"Estimated reading time\" \/>\n\t<meta name=\"twitter:data1\" content=\"2 minutes\" \/>\n<script type=\"application\/ld+json\" class=\"yoast-schema-graph\">{\"@context\":\"https:\\\/\\\/schema.org\",\"@graph\":[{\"@type\":\"WebPage\",\"@id\":\"https:\\\/\\\/labreuninger.com\\\/komponist\\\/\",\"url\":\"https:\\\/\\\/labreuninger.com\\\/komponist\\\/\",\"name\":\"Komponist - Laurent Albrecht Breuninger\",\"isPartOf\":{\"@id\":\"https:\\\/\\\/labreuninger.com\\\/#website\"},\"datePublished\":\"2022-03-22T20:05:43+00:00\",\"dateModified\":\"2022-11-07T13:01:50+00:00\",\"breadcrumb\":{\"@id\":\"https:\\\/\\\/labreuninger.com\\\/komponist\\\/#breadcrumb\"},\"inLanguage\":\"en-GB\",\"potentialAction\":[{\"@type\":\"ReadAction\",\"target\":[\"https:\\\/\\\/labreuninger.com\\\/komponist\\\/\"]}]},{\"@type\":\"BreadcrumbList\",\"@id\":\"https:\\\/\\\/labreuninger.com\\\/komponist\\\/#breadcrumb\",\"itemListElement\":[{\"@type\":\"ListItem\",\"position\":1,\"name\":\"Startseite\",\"item\":\"https:\\\/\\\/labreuninger.com\\\/\"},{\"@type\":\"ListItem\",\"position\":2,\"name\":\"Komponist\"}]},{\"@type\":\"WebSite\",\"@id\":\"https:\\\/\\\/labreuninger.com\\\/#website\",\"url\":\"https:\\\/\\\/labreuninger.com\\\/\",\"name\":\"Laurent Albrecht Breuninger\",\"description\":\"Violinist | Komponist\",\"publisher\":{\"@id\":\"https:\\\/\\\/labreuninger.com\\\/#\\\/schema\\\/person\\\/274864f4832962f63fe9457266040e66\"},\"potentialAction\":[{\"@type\":\"SearchAction\",\"target\":{\"@type\":\"EntryPoint\",\"urlTemplate\":\"https:\\\/\\\/labreuninger.com\\\/?s={search_term_string}\"},\"query-input\":{\"@type\":\"PropertyValueSpecification\",\"valueRequired\":true,\"valueName\":\"search_term_string\"}}],\"inLanguage\":\"en-GB\"},{\"@type\":[\"Person\",\"Organization\"],\"@id\":\"https:\\\/\\\/labreuninger.com\\\/#\\\/schema\\\/person\\\/274864f4832962f63fe9457266040e66\",\"name\":\"admin\",\"image\":{\"@type\":\"ImageObject\",\"inLanguage\":\"en-GB\",\"@id\":\"http:\\\/\\\/labreuninger.com\\\/wp-content\\\/uploads\\\/2022\\\/03\\\/Logo-Breuninger.png\",\"url\":\"http:\\\/\\\/labreuninger.com\\\/wp-content\\\/uploads\\\/2022\\\/03\\\/Logo-Breuninger.png\",\"contentUrl\":\"http:\\\/\\\/labreuninger.com\\\/wp-content\\\/uploads\\\/2022\\\/03\\\/Logo-Breuninger.png\",\"width\":2240,\"height\":1260,\"caption\":\"admin\"},\"logo\":{\"@id\":\"http:\\\/\\\/labreuninger.com\\\/wp-content\\\/uploads\\\/2022\\\/03\\\/Logo-Breuninger.png\"},\"sameAs\":[\"http:\\\/\\\/labreuninger.com\",\"https:\\\/\\\/www.youtube.com\\\/channel\\\/UCAYRfEkA-QjkPMW2hmj-aLw\"]}]}<\/script>\n<!-- \/ Yoast SEO plugin. -->","yoast_head_json":{"title":"Komponist - Laurent Albrecht Breuninger","robots":{"index":"index","follow":"follow","max-snippet":"max-snippet:-1","max-image-preview":"max-image-preview:large","max-video-preview":"max-video-preview:-1"},"canonical":"https:\/\/labreuninger.com\/en\/komponist\/","og_locale":"en_GB","og_type":"article","og_title":"Komponist - Laurent Albrecht Breuninger","og_description":"Komponist Eindr\u00fccke, Gedanken und innere Bilder in Musik, in eigene T\u00f6ne zu verwandeln warmir schon als Kind &#8211; reflexartig &#8211; innerer Drang.Dennoch, das Handwerk des \u201eTonsetzers\u201c habe ich in unterschiedlichen [&hellip;]","og_url":"https:\/\/labreuninger.com\/en\/komponist\/","og_site_name":"Laurent Albrecht Breuninger","article_modified_time":"2022-11-07T13:01:50+00:00","twitter_card":"summary_large_image","twitter_misc":{"Estimated reading time":"2 minutes"},"schema":{"@context":"https:\/\/schema.org","@graph":[{"@type":"WebPage","@id":"https:\/\/labreuninger.com\/komponist\/","url":"https:\/\/labreuninger.com\/komponist\/","name":"Komponist - Laurent Albrecht Breuninger","isPartOf":{"@id":"https:\/\/labreuninger.com\/#website"},"datePublished":"2022-03-22T20:05:43+00:00","dateModified":"2022-11-07T13:01:50+00:00","breadcrumb":{"@id":"https:\/\/labreuninger.com\/komponist\/#breadcrumb"},"inLanguage":"en-GB","potentialAction":[{"@type":"ReadAction","target":["https:\/\/labreuninger.com\/komponist\/"]}]},{"@type":"BreadcrumbList","@id":"https:\/\/labreuninger.com\/komponist\/#breadcrumb","itemListElement":[{"@type":"ListItem","position":1,"name":"Startseite","item":"https:\/\/labreuninger.com\/"},{"@type":"ListItem","position":2,"name":"Komponist"}]},{"@type":"WebSite","@id":"https:\/\/labreuninger.com\/#website","url":"https:\/\/labreuninger.com\/","name":"Laurent Albrecht Breuninger","description":"Violinist | Composer","publisher":{"@id":"https:\/\/labreuninger.com\/#\/schema\/person\/274864f4832962f63fe9457266040e66"},"potentialAction":[{"@type":"SearchAction","target":{"@type":"EntryPoint","urlTemplate":"https:\/\/labreuninger.com\/?s={search_term_string}"},"query-input":{"@type":"PropertyValueSpecification","valueRequired":true,"valueName":"search_term_string"}}],"inLanguage":"en-GB"},{"@type":["Person","Organization"],"@id":"https:\/\/labreuninger.com\/#\/schema\/person\/274864f4832962f63fe9457266040e66","name":"admin","image":{"@type":"ImageObject","inLanguage":"en-GB","@id":"http:\/\/labreuninger.com\/wp-content\/uploads\/2022\/03\/Logo-Breuninger.png","url":"http:\/\/labreuninger.com\/wp-content\/uploads\/2022\/03\/Logo-Breuninger.png","contentUrl":"http:\/\/labreuninger.com\/wp-content\/uploads\/2022\/03\/Logo-Breuninger.png","width":2240,"height":1260,"caption":"admin"},"logo":{"@id":"http:\/\/labreuninger.com\/wp-content\/uploads\/2022\/03\/Logo-Breuninger.png"},"sameAs":["http:\/\/labreuninger.com","https:\/\/www.youtube.com\/channel\/UCAYRfEkA-QjkPMW2hmj-aLw"]}]}},"_links":{"self":[{"href":"https:\/\/labreuninger.com\/en\/wp-json\/wp\/v2\/pages\/36","targetHints":{"allow":["GET"]}}],"collection":[{"href":"https:\/\/labreuninger.com\/en\/wp-json\/wp\/v2\/pages"}],"about":[{"href":"https:\/\/labreuninger.com\/en\/wp-json\/wp\/v2\/types\/page"}],"author":[{"embeddable":true,"href":"https:\/\/labreuninger.com\/en\/wp-json\/wp\/v2\/users\/1"}],"replies":[{"embeddable":true,"href":"https:\/\/labreuninger.com\/en\/wp-json\/wp\/v2\/comments?post=36"}],"version-history":[{"count":53,"href":"https:\/\/labreuninger.com\/en\/wp-json\/wp\/v2\/pages\/36\/revisions"}],"predecessor-version":[{"id":1239,"href":"https:\/\/labreuninger.com\/en\/wp-json\/wp\/v2\/pages\/36\/revisions\/1239"}],"wp:attachment":[{"href":"https:\/\/labreuninger.com\/en\/wp-json\/wp\/v2\/media?parent=36"}],"curies":[{"name":"wp","href":"https:\/\/api.w.org\/{rel}","templated":true}]}}