{"id":16,"date":"2022-03-22T19:46:43","date_gmt":"2022-03-22T19:46:43","guid":{"rendered":"http:\/\/labreuninger.com\/?page_id=16"},"modified":"2022-11-07T13:02:28","modified_gmt":"2022-11-07T13:02:28","slug":"vita","status":"publish","type":"page","link":"https:\/\/labreuninger.com\/en\/vita\/","title":{"rendered":"Biography"},"content":{"rendered":"<div data-elementor-type=\"wp-page\" data-elementor-id=\"16\" class=\"elementor elementor-16\">\n\t\t\t\t\t\t<section class=\"elementor-section elementor-top-section elementor-element elementor-element-1a8e11f3 elementor-section-full_width elementor-section-height-min-height elementor-section-height-default elementor-section-items-middle\" data-id=\"1a8e11f3\" data-element_type=\"section\" data-e-type=\"section\" data-settings=\"{&quot;background_background&quot;:&quot;classic&quot;}\">\n\t\t\t\t\t\t\t<div class=\"elementor-background-overlay\"><\/div>\n\t\t\t\t\t\t\t<div class=\"elementor-container elementor-column-gap-no\">\n\t\t\t\t\t<div class=\"elementor-column elementor-col-50 elementor-top-column elementor-element elementor-element-2033f157\" data-id=\"2033f157\" data-element_type=\"column\" data-e-type=\"column\">\n\t\t\t<div class=\"elementor-widget-wrap elementor-element-populated\">\n\t\t\t\t\t\t<div class=\"elementor-element elementor-element-c0ac609 elementor-widget elementor-widget-spacer\" data-id=\"c0ac609\" data-element_type=\"widget\" data-e-type=\"widget\" data-widget_type=\"spacer.default\">\n\t\t\t\t<div class=\"elementor-widget-container\">\n\t\t\t\t\t\t\t<div class=\"elementor-spacer\">\n\t\t\t<div class=\"elementor-spacer-inner\"><\/div>\n\t\t<\/div>\n\t\t\t\t\t\t<\/div>\n\t\t\t\t<\/div>\n\t\t\t\t<div class=\"elementor-element elementor-element-1d1c55f2 elementor-invisible elementor-widget elementor-widget-heading\" data-id=\"1d1c55f2\" data-element_type=\"widget\" data-e-type=\"widget\" data-settings=\"{&quot;_animation&quot;:&quot;fadeInLeft&quot;,&quot;_animation_mobile&quot;:&quot;fadeInLeft&quot;}\" data-widget_type=\"heading.default\">\n\t\t\t\t<div class=\"elementor-widget-container\">\n\t\t\t\t\t<h1 class=\"elementor-heading-title elementor-size-default\">Laurent Albrecht Breuninger<\/h1>\t\t\t\t<\/div>\n\t\t\t\t<\/div>\n\t\t\t\t<div class=\"elementor-element elementor-element-73228fcd elementor-invisible elementor-widget elementor-widget-text-editor\" data-id=\"73228fcd\" data-element_type=\"widget\" data-e-type=\"widget\" data-settings=\"{&quot;_animation&quot;:&quot;fadeInLeft&quot;,&quot;_animation_mobile&quot;:&quot;fadeInLeft&quot;}\" data-widget_type=\"text-editor.default\">\n\t\t\t\t<div class=\"elementor-widget-container\">\n\t\t\t\t\t\t\t\t\t<p>Violinist | Composer<\/p>\t\t\t\t\t\t\t\t<\/div>\n\t\t\t\t<\/div>\n\t\t\t\t<div class=\"elementor-element elementor-element-15bc37f5 elementor-widget elementor-widget-spacer\" data-id=\"15bc37f5\" data-element_type=\"widget\" data-e-type=\"widget\" data-widget_type=\"spacer.default\">\n\t\t\t\t<div class=\"elementor-widget-container\">\n\t\t\t\t\t\t\t<div class=\"elementor-spacer\">\n\t\t\t<div class=\"elementor-spacer-inner\"><\/div>\n\t\t<\/div>\n\t\t\t\t\t\t<\/div>\n\t\t\t\t<\/div>\n\t\t\t\t\t<\/div>\n\t\t<\/div>\n\t\t\t\t<div class=\"elementor-column elementor-col-50 elementor-top-column elementor-element elementor-element-324fbbbc\" data-id=\"324fbbbc\" data-element_type=\"column\" data-e-type=\"column\">\n\t\t\t<div class=\"elementor-widget-wrap\">\n\t\t\t\t\t\t\t<\/div>\n\t\t<\/div>\n\t\t\t\t\t<\/div>\n\t\t<\/section>\n\t\t\t\t<section class=\"elementor-section elementor-top-section elementor-element elementor-element-39e33a85 elementor-section-boxed elementor-section-height-default elementor-section-height-default\" data-id=\"39e33a85\" data-element_type=\"section\" data-e-type=\"section\" data-settings=\"{&quot;background_background&quot;:&quot;gradient&quot;}\">\n\t\t\t\t\t\t\t<div class=\"elementor-background-overlay\"><\/div>\n\t\t\t\t\t\t\t<div class=\"elementor-container elementor-column-gap-default\">\n\t\t\t\t\t<div class=\"elementor-column elementor-col-50 elementor-top-column elementor-element elementor-element-381e2f3a\" data-id=\"381e2f3a\" data-element_type=\"column\" data-e-type=\"column\" data-settings=\"{&quot;background_background&quot;:&quot;classic&quot;}\">\n\t\t\t<div class=\"elementor-widget-wrap elementor-element-populated\">\n\t\t\t\t\t\t<div class=\"elementor-element elementor-element-4d99fdd0 elementor-invisible elementor-widget elementor-widget-heading\" data-id=\"4d99fdd0\" data-element_type=\"widget\" data-e-type=\"widget\" data-settings=\"{&quot;_animation&quot;:&quot;fadeInRight&quot;,&quot;_animation_mobile&quot;:&quot;fadeInRight&quot;}\" data-widget_type=\"heading.default\">\n\t\t\t\t<div class=\"elementor-widget-container\">\n\t\t\t\t\t<h2 class=\"elementor-heading-title elementor-size-default\">Biography<\/h2>\t\t\t\t<\/div>\n\t\t\t\t<\/div>\n\t\t\t\t<div class=\"elementor-element elementor-element-9d4bca3 elementor-invisible elementor-widget elementor-widget-text-editor\" data-id=\"9d4bca3\" data-element_type=\"widget\" data-e-type=\"widget\" data-settings=\"{&quot;_animation&quot;:&quot;fadeIn&quot;,&quot;_animation_mobile&quot;:&quot;fadeIn&quot;}\" data-widget_type=\"text-editor.default\">\n\t\t\t\t<div class=\"elementor-widget-container\">\n\t\t\t\t\t\t\t\t\t<p>Laurent Albrecht Breuninger<\/p>\t\t\t\t\t\t\t\t<\/div>\n\t\t\t\t<\/div>\n\t\t\t\t<div class=\"elementor-element elementor-element-42dabdba elementor-widget elementor-widget-text-editor\" data-id=\"42dabdba\" data-element_type=\"widget\" data-e-type=\"widget\" data-widget_type=\"text-editor.default\">\n\t\t\t\t<div class=\"elementor-widget-container\">\n\t\t\t\t\t\t\t\t\t<p><span style=\"font-weight: 400;\">Winning the second prize, the \u201cPrix Eug\u00e8ne Ysaye\u201d in 1997, Laurent Albrecht Breuninger was the first German violinist to be placed under the first three in the history of Brussels\u2019 Queen Elisabeth Competition. This award follows a remarkable line of prizes, which Laurent Albrecht Breuninger previously won in Brescia (1984), Belgrade (1986), Prague (1992), Vienna (1992), Berlin and Montreal (1995).<\/span><\/p><p>\u00a0<\/p><p><span style=\"font-weight: 400;\">In the same year of his success at the Queen Elisabeth Competition, Laurent Albrecht Breuninger won the Composition Award of the Brandenburg Summer Festival for his own first string quartet.<\/span><\/p><p><span style=\"font-weight: 400;\">Consequently, the long list of Laurent Albrecht Breuninger\u2019s recordings shows a special dedication to \u201cviolinist-composers\u201d: his first recital CD appeared in 1997 and contains his own \u201cPassacaglia for solo violin\u201d, he recorded the complete works by Eug\u00e8ne Ysaye for violin solo, violin and piano (to be released soon) and for violin and orchestra (cpo), the complete works for violin\/viola and piano by Georges Enesco (telos, with pianist Thomas Duis) and concerti by B\u00e9riot and Kreutzer (cpo).<\/span><\/p><p><span style=\"font-weight: 400;\">Laurent Albrecht Breuninger\u2019s first adventure into historical interpretation are sonatas by CPE Bach together with Piet Kuijken at the pianoforte (H\u00e4nssler).\nLaurent Albrecht Breuninger\u2019s re-discovering of the \u201cPolish Paganini\u201d Karol Lipinski gained special interest and acclaim in the international press. The recordings (cpo, together with the Polish Radio Orchestra) were listed as \u201cStrad Selection\u201d, October 2006 and described as \u201cbreathtaking\u201d.<\/span><\/p><p>\u00a0<\/p><p><span style=\"font-weight: 400;\">Laurent Albrecht Breuninger made his debut as a soloist at the age of 12 with the Budapest Chamber Orchestra under the direction of Vladimir Spivakov at the Music Festival of Tours, France.  Ever since, he performs as soloist and recital artist in festivals and venues internationally (Schwetzingen, Braunschweig Classix, Kissingen, Echternach, Schleswig-Holstein and Mecklenburg-Vorpommern Festivals, Korean Chamber Orchestra, Schwetzinger Festspiele, Georges-Enesco-Festival Bukarest..)\nHe has worked with conductors such as Peter E\u00f6tv\u00f6s, Naoto Otomo, Alun Francis, Marc Soustrot, Bruno Weil and Wojciech Rajski.<\/span><\/p><p><span style=\"font-weight: 400;\">In 2011, Laurent Albrecht Breuninger made his debut in Tokyo, playing with Tokyo Symphony Orchestra. Of French-German origin, Laurent Albrecht Breuninger studied in Switzerland with Thomas F\u00fcri and completed his studies with the renowned pedagogue Josef Rissin. \nWorking with the \u201clegends\u201d Aaron Rosand and Ivry Gitlis was an important influence to Laurent Albrecht Breuningers playing and to his personality.\nAs a composer he was trained in Darmstadt with Toni V\u00f6lker.\nLaurent Albrecht Breuninger lives in Karlsruhe where he holds a position as a professor at the Music University.\u00a0<\/span><\/p>\t\t\t\t\t\t\t\t<\/div>\n\t\t\t\t<\/div>\n\t\t\t\t<div class=\"elementor-element elementor-element-6bda690d elementor-widget-divider--view-line elementor-widget elementor-widget-divider\" data-id=\"6bda690d\" data-element_type=\"widget\" data-e-type=\"widget\" data-widget_type=\"divider.default\">\n\t\t\t\t<div class=\"elementor-widget-container\">\n\t\t\t\t\t\t\t<div class=\"elementor-divider\">\n\t\t\t<span class=\"elementor-divider-separator\">\n\t\t\t\t\t\t<\/span>\n\t\t<\/div>\n\t\t\t\t\t\t<\/div>\n\t\t\t\t<\/div>\n\t\t\t\t\t<\/div>\n\t\t<\/div>\n\t\t\t\t<div class=\"elementor-column elementor-col-50 elementor-top-column elementor-element elementor-element-39784dc0\" data-id=\"39784dc0\" data-element_type=\"column\" data-e-type=\"column\">\n\t\t\t<div class=\"elementor-widget-wrap elementor-element-populated\">\n\t\t\t\t\t\t<div class=\"elementor-element elementor-element-a17bc12 elementor-widget elementor-widget-spacer\" data-id=\"a17bc12\" data-element_type=\"widget\" data-e-type=\"widget\" data-widget_type=\"spacer.default\">\n\t\t\t\t<div class=\"elementor-widget-container\">\n\t\t\t\t\t\t\t<div class=\"elementor-spacer\">\n\t\t\t<div class=\"elementor-spacer-inner\"><\/div>\n\t\t<\/div>\n\t\t\t\t\t\t<\/div>\n\t\t\t\t<\/div>\n\t\t\t\t<div class=\"elementor-element elementor-element-d0fd34e elementor-widget elementor-widget-image\" data-id=\"d0fd34e\" data-element_type=\"widget\" data-e-type=\"widget\" data-widget_type=\"image.default\">\n\t\t\t\t<div class=\"elementor-widget-container\">\n\t\t\t\t\t\t\t\t\t\t\t\t\t\t\t<img fetchpriority=\"high\" decoding=\"async\" width=\"683\" height=\"1024\" src=\"https:\/\/labreuninger.com\/wp-content\/uploads\/2022\/11\/DSCF6357-2-683x1024.jpg\" class=\"attachment-large size-large wp-image-1093\" alt=\"\" srcset=\"https:\/\/labreuninger.com\/wp-content\/uploads\/2022\/11\/DSCF6357-2-683x1024.jpg 683w, https:\/\/labreuninger.com\/wp-content\/uploads\/2022\/11\/DSCF6357-2-200x300.jpg 200w, https:\/\/labreuninger.com\/wp-content\/uploads\/2022\/11\/DSCF6357-2-768x1152.jpg 768w, https:\/\/labreuninger.com\/wp-content\/uploads\/2022\/11\/DSCF6357-2-1024x1536.jpg 1024w, https:\/\/labreuninger.com\/wp-content\/uploads\/2022\/11\/DSCF6357-2-1365x2048.jpg 1365w, https:\/\/labreuninger.com\/wp-content\/uploads\/2022\/11\/DSCF6357-2-8x12.jpg 8w, https:\/\/labreuninger.com\/wp-content\/uploads\/2022\/11\/DSCF6357-2-scaled.jpg 1707w\" sizes=\"(max-width: 683px) 100vw, 683px\" \/>\t\t\t\t\t\t\t\t\t\t\t\t\t\t\t<\/div>\n\t\t\t\t<\/div>\n\t\t\t\t\t<\/div>\n\t\t<\/div>\n\t\t\t\t\t<\/div>\n\t\t<\/section>\n\t\t\t\t<\/div>","protected":false},"excerpt":{"rendered":"<p>Laurent Albrecht Breuninger Violinist | Komponist Vita Laurent Albrecht Breuninger Geiger, Bratscher, Komponist, P\u00e4dagoge &#8211; angesichts seiner musikalischen Vielseitigkeit mag es nicht verwundern, dass ein besonderer Schwerpunkt der umfangreichen Diskographie [&hellip;]<\/p>\n","protected":false},"author":1,"featured_media":1098,"parent":0,"menu_order":0,"comment_status":"closed","ping_status":"closed","template":"","meta":{"ocean_post_layout":"full-screen","ocean_both_sidebars_style":"","ocean_both_sidebars_content_width":0,"ocean_both_sidebars_sidebars_width":0,"ocean_sidebar":"0","ocean_second_sidebar":"0","ocean_disable_margins":"enable","ocean_add_body_class":"","ocean_shortcode_before_top_bar":"","ocean_shortcode_after_top_bar":"","ocean_shortcode_before_header":"","ocean_shortcode_after_header":"","ocean_has_shortcode":"","ocean_shortcode_after_title":"","ocean_shortcode_before_footer_widgets":"","ocean_shortcode_after_footer_widgets":"","ocean_shortcode_before_footer_bottom":"","ocean_shortcode_after_footer_bottom":"","ocean_display_top_bar":"off","ocean_display_header":"default","ocean_header_style":"","ocean_center_header_left_menu":"0","ocean_custom_header_template":"0","ocean_custom_logo":0,"ocean_custom_retina_logo":0,"ocean_custom_logo_max_width":0,"ocean_custom_logo_tablet_max_width":0,"ocean_custom_logo_mobile_max_width":0,"ocean_custom_logo_max_height":0,"ocean_custom_logo_tablet_max_height":0,"ocean_custom_logo_mobile_max_height":0,"ocean_header_custom_menu":"0","ocean_menu_typo_font_family":"0","ocean_menu_typo_font_subset":"","ocean_menu_typo_font_size":0,"ocean_menu_typo_font_size_tablet":0,"ocean_menu_typo_font_size_mobile":0,"ocean_menu_typo_font_size_unit":"px","ocean_menu_typo_font_weight":"","ocean_menu_typo_font_weight_tablet":"","ocean_menu_typo_font_weight_mobile":"","ocean_menu_typo_transform":"","ocean_menu_typo_transform_tablet":"","ocean_menu_typo_transform_mobile":"","ocean_menu_typo_line_height":0,"ocean_menu_typo_line_height_tablet":0,"ocean_menu_typo_line_height_mobile":0,"ocean_menu_typo_line_height_unit":"","ocean_menu_typo_spacing":0,"ocean_menu_typo_spacing_tablet":0,"ocean_menu_typo_spacing_mobile":0,"ocean_menu_typo_spacing_unit":"","ocean_menu_link_color":"","ocean_menu_link_color_hover":"","ocean_menu_link_color_active":"","ocean_menu_link_background":"","ocean_menu_link_hover_background":"","ocean_menu_link_active_background":"","ocean_menu_social_links_bg":"","ocean_menu_social_hover_links_bg":"","ocean_menu_social_links_color":"","ocean_menu_social_hover_links_color":"","ocean_disable_title":"on","ocean_disable_heading":"default","ocean_post_title":"","ocean_post_subheading":"","ocean_post_title_style":"","ocean_post_title_background_color":"","ocean_post_title_background":0,"ocean_post_title_bg_image_position":"","ocean_post_title_bg_image_attachment":"","ocean_post_title_bg_image_repeat":"","ocean_post_title_bg_image_size":"","ocean_post_title_height":0,"ocean_post_title_bg_overlay":0.5,"ocean_post_title_bg_overlay_color":"","ocean_disable_breadcrumbs":"default","ocean_breadcrumbs_color":"","ocean_breadcrumbs_separator_color":"","ocean_breadcrumbs_links_color":"","ocean_breadcrumbs_links_hover_color":"","ocean_display_footer_widgets":"default","ocean_display_footer_bottom":"default","ocean_custom_footer_template":"0","footnotes":""},"class_list":["post-16","page","type-page","status-publish","has-post-thumbnail","hentry","entry","has-media"],"yoast_head":"<!-- This site is optimized with the Yoast SEO plugin v27.6 - https:\/\/yoast.com\/product\/yoast-seo-wordpress\/ -->\n<title>Vita - Laurent Albrecht Breuninger<\/title>\n<meta name=\"description\" content=\"Seit er 1997 beim renommiertem \u201eConcours Reine Elisabeth\u201c mit dem 2. Preis ausgezeichnet wurde ist er als Solist &amp; Kammermusiker regelm\u00e4\u00dfig auf internationalen B\u00fchnen zu Gast.\" \/>\n<meta name=\"robots\" content=\"index, follow, max-snippet:-1, max-image-preview:large, max-video-preview:-1\" \/>\n<link rel=\"canonical\" href=\"https:\/\/labreuninger.com\/en\/vita\/\" \/>\n<meta property=\"og:locale\" content=\"en_GB\" \/>\n<meta property=\"og:type\" content=\"article\" \/>\n<meta property=\"og:title\" content=\"Vita - Laurent Albrecht Breuninger\" \/>\n<meta property=\"og:description\" content=\"Seit er 1997 beim renommiertem \u201eConcours Reine Elisabeth\u201c mit dem 2. Preis ausgezeichnet wurde ist er als Solist &amp; Kammermusiker regelm\u00e4\u00dfig auf internationalen B\u00fchnen zu Gast.\" \/>\n<meta property=\"og:url\" content=\"https:\/\/labreuninger.com\/en\/vita\/\" \/>\n<meta property=\"og:site_name\" content=\"Laurent Albrecht Breuninger\" \/>\n<meta property=\"article:modified_time\" content=\"2022-11-07T13:02:28+00:00\" \/>\n<meta property=\"og:image\" content=\"http:\/\/labreuninger.com\/wp-content\/uploads\/2022\/11\/DSCF5571_2-scaled.jpg\" \/>\n\t<meta property=\"og:image:width\" content=\"2560\" \/>\n\t<meta property=\"og:image:height\" content=\"1707\" \/>\n\t<meta property=\"og:image:type\" content=\"image\/jpeg\" \/>\n<meta name=\"twitter:card\" content=\"summary_large_image\" \/>\n<meta name=\"twitter:label1\" content=\"Estimated reading time\" \/>\n\t<meta name=\"twitter:data1\" content=\"2 minutes\" \/>\n<script type=\"application\/ld+json\" class=\"yoast-schema-graph\">{\"@context\":\"https:\\\/\\\/schema.org\",\"@graph\":[{\"@type\":\"WebPage\",\"@id\":\"https:\\\/\\\/labreuninger.com\\\/vita\\\/\",\"url\":\"https:\\\/\\\/labreuninger.com\\\/vita\\\/\",\"name\":\"Vita - Laurent Albrecht Breuninger\",\"isPartOf\":{\"@id\":\"https:\\\/\\\/labreuninger.com\\\/#website\"},\"primaryImageOfPage\":{\"@id\":\"https:\\\/\\\/labreuninger.com\\\/vita\\\/#primaryimage\"},\"image\":{\"@id\":\"https:\\\/\\\/labreuninger.com\\\/vita\\\/#primaryimage\"},\"thumbnailUrl\":\"https:\\\/\\\/labreuninger.com\\\/wp-content\\\/uploads\\\/2022\\\/11\\\/DSCF5571_2-scaled.jpg\",\"datePublished\":\"2022-03-22T19:46:43+00:00\",\"dateModified\":\"2022-11-07T13:02:28+00:00\",\"description\":\"Seit er 1997 beim renommiertem \u201eConcours Reine Elisabeth\u201c mit dem 2. Preis ausgezeichnet wurde ist er als Solist & Kammermusiker regelm\u00e4\u00dfig auf internationalen B\u00fchnen zu Gast.\",\"breadcrumb\":{\"@id\":\"https:\\\/\\\/labreuninger.com\\\/vita\\\/#breadcrumb\"},\"inLanguage\":\"en-GB\",\"potentialAction\":[{\"@type\":\"ReadAction\",\"target\":[\"https:\\\/\\\/labreuninger.com\\\/vita\\\/\"]}]},{\"@type\":\"ImageObject\",\"inLanguage\":\"en-GB\",\"@id\":\"https:\\\/\\\/labreuninger.com\\\/vita\\\/#primaryimage\",\"url\":\"https:\\\/\\\/labreuninger.com\\\/wp-content\\\/uploads\\\/2022\\\/11\\\/DSCF5571_2-scaled.jpg\",\"contentUrl\":\"https:\\\/\\\/labreuninger.com\\\/wp-content\\\/uploads\\\/2022\\\/11\\\/DSCF5571_2-scaled.jpg\",\"width\":2560,\"height\":1707},{\"@type\":\"BreadcrumbList\",\"@id\":\"https:\\\/\\\/labreuninger.com\\\/vita\\\/#breadcrumb\",\"itemListElement\":[{\"@type\":\"ListItem\",\"position\":1,\"name\":\"Startseite\",\"item\":\"https:\\\/\\\/labreuninger.com\\\/\"},{\"@type\":\"ListItem\",\"position\":2,\"name\":\"Vita\"}]},{\"@type\":\"WebSite\",\"@id\":\"https:\\\/\\\/labreuninger.com\\\/#website\",\"url\":\"https:\\\/\\\/labreuninger.com\\\/\",\"name\":\"Laurent Albrecht Breuninger\",\"description\":\"Violinist | Komponist\",\"publisher\":{\"@id\":\"https:\\\/\\\/labreuninger.com\\\/#\\\/schema\\\/person\\\/274864f4832962f63fe9457266040e66\"},\"potentialAction\":[{\"@type\":\"SearchAction\",\"target\":{\"@type\":\"EntryPoint\",\"urlTemplate\":\"https:\\\/\\\/labreuninger.com\\\/?s={search_term_string}\"},\"query-input\":{\"@type\":\"PropertyValueSpecification\",\"valueRequired\":true,\"valueName\":\"search_term_string\"}}],\"inLanguage\":\"en-GB\"},{\"@type\":[\"Person\",\"Organization\"],\"@id\":\"https:\\\/\\\/labreuninger.com\\\/#\\\/schema\\\/person\\\/274864f4832962f63fe9457266040e66\",\"name\":\"admin\",\"image\":{\"@type\":\"ImageObject\",\"inLanguage\":\"en-GB\",\"@id\":\"http:\\\/\\\/labreuninger.com\\\/wp-content\\\/uploads\\\/2022\\\/03\\\/Logo-Breuninger.png\",\"url\":\"http:\\\/\\\/labreuninger.com\\\/wp-content\\\/uploads\\\/2022\\\/03\\\/Logo-Breuninger.png\",\"contentUrl\":\"http:\\\/\\\/labreuninger.com\\\/wp-content\\\/uploads\\\/2022\\\/03\\\/Logo-Breuninger.png\",\"width\":2240,\"height\":1260,\"caption\":\"admin\"},\"logo\":{\"@id\":\"http:\\\/\\\/labreuninger.com\\\/wp-content\\\/uploads\\\/2022\\\/03\\\/Logo-Breuninger.png\"},\"sameAs\":[\"http:\\\/\\\/labreuninger.com\",\"https:\\\/\\\/www.youtube.com\\\/channel\\\/UCAYRfEkA-QjkPMW2hmj-aLw\"]}]}<\/script>\n<!-- \/ Yoast SEO plugin. -->","yoast_head_json":{"title":"Vita - Laurent Albrecht Breuninger","description":"Seit er 1997 beim renommiertem \u201eConcours Reine Elisabeth\u201c mit dem 2. Preis ausgezeichnet wurde ist er als Solist & Kammermusiker regelm\u00e4\u00dfig auf internationalen B\u00fchnen zu Gast.","robots":{"index":"index","follow":"follow","max-snippet":"max-snippet:-1","max-image-preview":"max-image-preview:large","max-video-preview":"max-video-preview:-1"},"canonical":"https:\/\/labreuninger.com\/en\/vita\/","og_locale":"en_GB","og_type":"article","og_title":"Vita - Laurent Albrecht Breuninger","og_description":"Seit er 1997 beim renommiertem \u201eConcours Reine Elisabeth\u201c mit dem 2. Preis ausgezeichnet wurde ist er als Solist & Kammermusiker regelm\u00e4\u00dfig auf internationalen B\u00fchnen zu Gast.","og_url":"https:\/\/labreuninger.com\/en\/vita\/","og_site_name":"Laurent Albrecht Breuninger","article_modified_time":"2022-11-07T13:02:28+00:00","og_image":[{"width":2560,"height":1707,"url":"http:\/\/labreuninger.com\/wp-content\/uploads\/2022\/11\/DSCF5571_2-scaled.jpg","type":"image\/jpeg"}],"twitter_card":"summary_large_image","twitter_misc":{"Estimated reading time":"2 minutes"},"schema":{"@context":"https:\/\/schema.org","@graph":[{"@type":"WebPage","@id":"https:\/\/labreuninger.com\/vita\/","url":"https:\/\/labreuninger.com\/vita\/","name":"Vita - Laurent Albrecht Breuninger","isPartOf":{"@id":"https:\/\/labreuninger.com\/#website"},"primaryImageOfPage":{"@id":"https:\/\/labreuninger.com\/vita\/#primaryimage"},"image":{"@id":"https:\/\/labreuninger.com\/vita\/#primaryimage"},"thumbnailUrl":"https:\/\/labreuninger.com\/wp-content\/uploads\/2022\/11\/DSCF5571_2-scaled.jpg","datePublished":"2022-03-22T19:46:43+00:00","dateModified":"2022-11-07T13:02:28+00:00","description":"Seit er 1997 beim renommiertem \u201eConcours Reine Elisabeth\u201c mit dem 2. Preis ausgezeichnet wurde ist er als Solist & Kammermusiker regelm\u00e4\u00dfig auf internationalen B\u00fchnen zu Gast.","breadcrumb":{"@id":"https:\/\/labreuninger.com\/vita\/#breadcrumb"},"inLanguage":"en-GB","potentialAction":[{"@type":"ReadAction","target":["https:\/\/labreuninger.com\/vita\/"]}]},{"@type":"ImageObject","inLanguage":"en-GB","@id":"https:\/\/labreuninger.com\/vita\/#primaryimage","url":"https:\/\/labreuninger.com\/wp-content\/uploads\/2022\/11\/DSCF5571_2-scaled.jpg","contentUrl":"https:\/\/labreuninger.com\/wp-content\/uploads\/2022\/11\/DSCF5571_2-scaled.jpg","width":2560,"height":1707},{"@type":"BreadcrumbList","@id":"https:\/\/labreuninger.com\/vita\/#breadcrumb","itemListElement":[{"@type":"ListItem","position":1,"name":"Startseite","item":"https:\/\/labreuninger.com\/"},{"@type":"ListItem","position":2,"name":"Vita"}]},{"@type":"WebSite","@id":"https:\/\/labreuninger.com\/#website","url":"https:\/\/labreuninger.com\/","name":"Laurent Albrecht Breuninger","description":"Violinist | Composer","publisher":{"@id":"https:\/\/labreuninger.com\/#\/schema\/person\/274864f4832962f63fe9457266040e66"},"potentialAction":[{"@type":"SearchAction","target":{"@type":"EntryPoint","urlTemplate":"https:\/\/labreuninger.com\/?s={search_term_string}"},"query-input":{"@type":"PropertyValueSpecification","valueRequired":true,"valueName":"search_term_string"}}],"inLanguage":"en-GB"},{"@type":["Person","Organization"],"@id":"https:\/\/labreuninger.com\/#\/schema\/person\/274864f4832962f63fe9457266040e66","name":"admin","image":{"@type":"ImageObject","inLanguage":"en-GB","@id":"http:\/\/labreuninger.com\/wp-content\/uploads\/2022\/03\/Logo-Breuninger.png","url":"http:\/\/labreuninger.com\/wp-content\/uploads\/2022\/03\/Logo-Breuninger.png","contentUrl":"http:\/\/labreuninger.com\/wp-content\/uploads\/2022\/03\/Logo-Breuninger.png","width":2240,"height":1260,"caption":"admin"},"logo":{"@id":"http:\/\/labreuninger.com\/wp-content\/uploads\/2022\/03\/Logo-Breuninger.png"},"sameAs":["http:\/\/labreuninger.com","https:\/\/www.youtube.com\/channel\/UCAYRfEkA-QjkPMW2hmj-aLw"]}]}},"_links":{"self":[{"href":"https:\/\/labreuninger.com\/en\/wp-json\/wp\/v2\/pages\/16","targetHints":{"allow":["GET"]}}],"collection":[{"href":"https:\/\/labreuninger.com\/en\/wp-json\/wp\/v2\/pages"}],"about":[{"href":"https:\/\/labreuninger.com\/en\/wp-json\/wp\/v2\/types\/page"}],"author":[{"embeddable":true,"href":"https:\/\/labreuninger.com\/en\/wp-json\/wp\/v2\/users\/1"}],"replies":[{"embeddable":true,"href":"https:\/\/labreuninger.com\/en\/wp-json\/wp\/v2\/comments?post=16"}],"version-history":[{"count":93,"href":"https:\/\/labreuninger.com\/en\/wp-json\/wp\/v2\/pages\/16\/revisions"}],"predecessor-version":[{"id":1242,"href":"https:\/\/labreuninger.com\/en\/wp-json\/wp\/v2\/pages\/16\/revisions\/1242"}],"wp:featuredmedia":[{"embeddable":true,"href":"https:\/\/labreuninger.com\/en\/wp-json\/wp\/v2\/media\/1098"}],"wp:attachment":[{"href":"https:\/\/labreuninger.com\/en\/wp-json\/wp\/v2\/media?parent=16"}],"curies":[{"name":"wp","href":"https:\/\/api.w.org\/{rel}","templated":true}]}}